{"id":333,"date":"2018-10-08T10:15:14","date_gmt":"2018-10-08T08:15:14","guid":{"rendered":"https:\/\/richard-lumpi.com\/demonatur\/produkt\/licht-quanten-naturprodukte-gmbh-licht-quanten-konzentrate-licht-quanten-zell-aktivator\/"},"modified":"2024-10-20T19:20:19","modified_gmt":"2024-10-20T17:20:19","slug":"licht-quanten-naturprodukte-gmbh-licht-quanten-konzentrate-licht-quanten-zell-aktivator","status":"publish","type":"product","link":"https:\/\/www.naturgeladen.at\/wp\/produkt\/licht-quanten-naturprodukte-gmbh-licht-quanten-konzentrate-licht-quanten-zell-aktivator\/","title":{"rendered":"B34 Licht-Quanten Naturprodukte GmbH Zell-Aktivator 50 ml"},"content":{"rendered":"<p>Sonnenlicht-Quanten-Konzentrat.<br \/>\nZusatzinformationen:<br \/>\nSonnenlicht-Quanten-Konzentrat zur Nahrungserg\u00e4nzung.<br \/>\nGanz viel Wissen, Erfahrung und Verantwortung<\/p>\n<p>\u2022 LICHT-QUANTEN-AKTIV\u00ae (Patentiertes Licht-Quanten-Verfahren).<br \/>\n\u2022 Frei von Rohstoffen tierischen Ursprungs.<br \/>\n\u2022 Qualit\u00e4t aus \u00d6sterreich.<\/p>\n<p>Licht bildet eine wesentliche Grundlage f\u00fcr die Gesundheit von K\u00f6rper, Geist und Seele, indem es essentielle Energie zur Verf\u00fcgung stellt. Sonnenlicht-Quanten besitzen vitalisierende, informierende und ordnende Eigenschaften.<\/p>\n<p>Anwendung<\/p>\n<p>7 Tropfen bei Bedarf mit etwas Wasser trinken.<\/p>\n<p>&nbsp;<\/p>\n","protected":false},"excerpt":{"rendered":"<p>Sonnenlicht-Quanten-Konzentrat. Zusatzinformationen: Sonnenlicht-Quanten-Konzentrat zur Nahrungserg\u00e4nzung. Ganz viel Wissen, Erfahrung und Verantwortung \u2022 LICHT-QUANTEN-AKTIV\u00ae (Patentiertes Licht-Quanten-Verfahren). \u2022 Frei von Rohstoffen tierischen Ursprungs. \u2022 Qualit\u00e4t aus \u00d6sterreich. Licht bildet eine wesentliche Grundlage f\u00fcr die Gesundheit von K\u00f6rper, Geist und Seele, indem es essentielle Energie zur Verf\u00fcgung stellt. Sonnenlicht-Quanten besitzen vitalisierende, informierende und ordnende Eigenschaften. Anwendung 7 Tropfen [&hellip;]<\/p>\n","protected":false},"featured_media":2160,"template":"","meta":[],"product_brand":[],"product_cat":[42],"product_tag":[],"class_list":{"0":"post-333","1":"product","2":"type-product","3":"status-publish","4":"has-post-thumbnail","6":"product_cat-licht-quanten-naturprodukte","8":"first","9":"instock","10":"taxable","11":"shipping-taxable","12":"purchasable","13":"product-type-simple"},"yoast_head":"<!-- This site is optimized with the Yoast SEO plugin v27.3 - https:\/\/yoast.com\/product\/yoast-seo-wordpress\/ -->\n<title>B34 Licht-Quanten Naturprodukte GmbH Zell-Aktivator 50 ml &#8211; naturgeladen.at<\/title>\n<meta name=\"robots\" content=\"index, follow, max-snippet:-1, max-image-preview:large, max-video-preview:-1\" \/>\n<link rel=\"canonical\" href=\"https:\/\/www.naturgeladen.at\/wp\/produkt\/licht-quanten-naturprodukte-gmbh-licht-quanten-konzentrate-licht-quanten-zell-aktivator\/\" \/>\n<meta property=\"og:locale\" content=\"de_DE\" \/>\n<meta property=\"og:type\" content=\"article\" \/>\n<meta property=\"og:title\" content=\"B34 Licht-Quanten Naturprodukte GmbH Zell-Aktivator 50 ml &#8211; naturgeladen.at\" \/>\n<meta property=\"og:description\" content=\"Sonnenlicht-Quanten-Konzentrat. Zusatzinformationen: Sonnenlicht-Quanten-Konzentrat zur Nahrungserg\u00e4nzung. Ganz viel Wissen, Erfahrung und Verantwortung \u2022 LICHT-QUANTEN-AKTIV\u00ae (Patentiertes Licht-Quanten-Verfahren). \u2022 Frei von Rohstoffen tierischen Ursprungs. \u2022 Qualit\u00e4t aus \u00d6sterreich. Licht bildet eine wesentliche Grundlage f\u00fcr die Gesundheit von K\u00f6rper, Geist und Seele, indem es essentielle Energie zur Verf\u00fcgung stellt. Sonnenlicht-Quanten besitzen vitalisierende, informierende und ordnende Eigenschaften. Anwendung 7 Tropfen [&hellip;]\" \/>\n<meta property=\"og:url\" content=\"https:\/\/www.naturgeladen.at\/wp\/produkt\/licht-quanten-naturprodukte-gmbh-licht-quanten-konzentrate-licht-quanten-zell-aktivator\/\" \/>\n<meta property=\"og:site_name\" content=\"naturgeladen.at\" \/>\n<meta property=\"article:publisher\" content=\"https:\/\/www.facebook.com\/naturgeladen\" \/>\n<meta property=\"article:modified_time\" content=\"2024-10-20T17:20:19+00:00\" \/>\n<meta property=\"og:image\" content=\"https:\/\/www.naturgeladen.at\/wp\/wp-content\/uploads\/2018\/10\/Toeth-Zell-Aktivator.jpg\" \/>\n\t<meta property=\"og:image:width\" content=\"640\" \/>\n\t<meta property=\"og:image:height\" content=\"640\" \/>\n\t<meta property=\"og:image:type\" content=\"image\/jpeg\" \/>\n<meta name=\"twitter:card\" content=\"summary_large_image\" \/>\n<meta name=\"twitter:label1\" content=\"Gesch\u00e4tzte Lesezeit\" \/>\n\t<meta name=\"twitter:data1\" content=\"1\u00a0Minute\" \/>\n<script type=\"application\/ld+json\" class=\"yoast-schema-graph\">{\"@context\":\"https:\\\/\\\/schema.org\",\"@graph\":[{\"@type\":\"WebPage\",\"@id\":\"https:\\\/\\\/www.naturgeladen.at\\\/wp\\\/produkt\\\/licht-quanten-naturprodukte-gmbh-licht-quanten-konzentrate-licht-quanten-zell-aktivator\\\/\",\"url\":\"https:\\\/\\\/www.naturgeladen.at\\\/wp\\\/produkt\\\/licht-quanten-naturprodukte-gmbh-licht-quanten-konzentrate-licht-quanten-zell-aktivator\\\/\",\"name\":\"B34 Licht-Quanten Naturprodukte GmbH Zell-Aktivator 50 ml &#8211; naturgeladen.at\",\"isPartOf\":{\"@id\":\"https:\\\/\\\/www.naturgeladen.at\\\/wp\\\/#website\"},\"primaryImageOfPage\":{\"@id\":\"https:\\\/\\\/www.naturgeladen.at\\\/wp\\\/produkt\\\/licht-quanten-naturprodukte-gmbh-licht-quanten-konzentrate-licht-quanten-zell-aktivator\\\/#primaryimage\"},\"image\":{\"@id\":\"https:\\\/\\\/www.naturgeladen.at\\\/wp\\\/produkt\\\/licht-quanten-naturprodukte-gmbh-licht-quanten-konzentrate-licht-quanten-zell-aktivator\\\/#primaryimage\"},\"thumbnailUrl\":\"https:\\\/\\\/www.naturgeladen.at\\\/wp\\\/wp-content\\\/uploads\\\/2018\\\/10\\\/Toeth-Zell-Aktivator.jpg\",\"datePublished\":\"2018-10-08T08:15:14+00:00\",\"dateModified\":\"2024-10-20T17:20:19+00:00\",\"breadcrumb\":{\"@id\":\"https:\\\/\\\/www.naturgeladen.at\\\/wp\\\/produkt\\\/licht-quanten-naturprodukte-gmbh-licht-quanten-konzentrate-licht-quanten-zell-aktivator\\\/#breadcrumb\"},\"inLanguage\":\"de\",\"potentialAction\":[{\"@type\":\"ReadAction\",\"target\":[\"https:\\\/\\\/www.naturgeladen.at\\\/wp\\\/produkt\\\/licht-quanten-naturprodukte-gmbh-licht-quanten-konzentrate-licht-quanten-zell-aktivator\\\/\"]}]},{\"@type\":\"ImageObject\",\"inLanguage\":\"de\",\"@id\":\"https:\\\/\\\/www.naturgeladen.at\\\/wp\\\/produkt\\\/licht-quanten-naturprodukte-gmbh-licht-quanten-konzentrate-licht-quanten-zell-aktivator\\\/#primaryimage\",\"url\":\"https:\\\/\\\/www.naturgeladen.at\\\/wp\\\/wp-content\\\/uploads\\\/2018\\\/10\\\/Toeth-Zell-Aktivator.jpg\",\"contentUrl\":\"https:\\\/\\\/www.naturgeladen.at\\\/wp\\\/wp-content\\\/uploads\\\/2018\\\/10\\\/Toeth-Zell-Aktivator.jpg\",\"width\":640,\"height\":640},{\"@type\":\"BreadcrumbList\",\"@id\":\"https:\\\/\\\/www.naturgeladen.at\\\/wp\\\/produkt\\\/licht-quanten-naturprodukte-gmbh-licht-quanten-konzentrate-licht-quanten-zell-aktivator\\\/#breadcrumb\",\"itemListElement\":[{\"@type\":\"ListItem\",\"position\":1,\"name\":\"Startseite\",\"item\":\"https:\\\/\\\/www.naturgeladen.at\\\/wp\\\/\"},{\"@type\":\"ListItem\",\"position\":2,\"name\":\"Shop\",\"item\":\"https:\\\/\\\/www.naturgeladen.at\\\/wp\\\/shop\\\/\"},{\"@type\":\"ListItem\",\"position\":3,\"name\":\"B34 Licht-Quanten Naturprodukte GmbH Zell-Aktivator 50 ml\"}]},{\"@type\":\"WebSite\",\"@id\":\"https:\\\/\\\/www.naturgeladen.at\\\/wp\\\/#website\",\"url\":\"https:\\\/\\\/www.naturgeladen.at\\\/wp\\\/\",\"name\":\"naturgeladen.at\",\"description\":\"Reformhaus\",\"publisher\":{\"@id\":\"https:\\\/\\\/www.naturgeladen.at\\\/wp\\\/#organization\"},\"potentialAction\":[{\"@type\":\"SearchAction\",\"target\":{\"@type\":\"EntryPoint\",\"urlTemplate\":\"https:\\\/\\\/www.naturgeladen.at\\\/wp\\\/?s={search_term_string}\"},\"query-input\":{\"@type\":\"PropertyValueSpecification\",\"valueRequired\":true,\"valueName\":\"search_term_string\"}}],\"inLanguage\":\"de\"},{\"@type\":\"Organization\",\"@id\":\"https:\\\/\\\/www.naturgeladen.at\\\/wp\\\/#organization\",\"name\":\"naturgeladen.at\",\"url\":\"https:\\\/\\\/www.naturgeladen.at\\\/wp\\\/\",\"logo\":{\"@type\":\"ImageObject\",\"inLanguage\":\"de\",\"@id\":\"https:\\\/\\\/www.naturgeladen.at\\\/wp\\\/#\\\/schema\\\/logo\\\/image\\\/\",\"url\":\"https:\\\/\\\/www.naturgeladen.at\\\/wp\\\/wp-content\\\/uploads\\\/2019\\\/06\\\/naturgeladen_logo.jpg\",\"contentUrl\":\"https:\\\/\\\/www.naturgeladen.at\\\/wp\\\/wp-content\\\/uploads\\\/2019\\\/06\\\/naturgeladen_logo.jpg\",\"width\":150,\"height\":150,\"caption\":\"naturgeladen.at\"},\"image\":{\"@id\":\"https:\\\/\\\/www.naturgeladen.at\\\/wp\\\/#\\\/schema\\\/logo\\\/image\\\/\"},\"sameAs\":[\"https:\\\/\\\/www.facebook.com\\\/naturgeladen\",\"https:\\\/\\\/www.instagram.com\\\/naturgeladen\\\/?hl=de\"]}]}<\/script>\n<!-- \/ Yoast SEO plugin. -->","yoast_head_json":{"title":"B34 Licht-Quanten Naturprodukte GmbH Zell-Aktivator 50 ml &#8211; naturgeladen.at","robots":{"index":"index","follow":"follow","max-snippet":"max-snippet:-1","max-image-preview":"max-image-preview:large","max-video-preview":"max-video-preview:-1"},"canonical":"https:\/\/www.naturgeladen.at\/wp\/produkt\/licht-quanten-naturprodukte-gmbh-licht-quanten-konzentrate-licht-quanten-zell-aktivator\/","og_locale":"de_DE","og_type":"article","og_title":"B34 Licht-Quanten Naturprodukte GmbH Zell-Aktivator 50 ml &#8211; naturgeladen.at","og_description":"Sonnenlicht-Quanten-Konzentrat. Zusatzinformationen: Sonnenlicht-Quanten-Konzentrat zur Nahrungserg\u00e4nzung. Ganz viel Wissen, Erfahrung und Verantwortung \u2022 LICHT-QUANTEN-AKTIV\u00ae (Patentiertes Licht-Quanten-Verfahren). \u2022 Frei von Rohstoffen tierischen Ursprungs. \u2022 Qualit\u00e4t aus \u00d6sterreich. Licht bildet eine wesentliche Grundlage f\u00fcr die Gesundheit von K\u00f6rper, Geist und Seele, indem es essentielle Energie zur Verf\u00fcgung stellt. Sonnenlicht-Quanten besitzen vitalisierende, informierende und ordnende Eigenschaften. Anwendung 7 Tropfen [&hellip;]","og_url":"https:\/\/www.naturgeladen.at\/wp\/produkt\/licht-quanten-naturprodukte-gmbh-licht-quanten-konzentrate-licht-quanten-zell-aktivator\/","og_site_name":"naturgeladen.at","article_publisher":"https:\/\/www.facebook.com\/naturgeladen","article_modified_time":"2024-10-20T17:20:19+00:00","og_image":[{"width":640,"height":640,"url":"https:\/\/www.naturgeladen.at\/wp\/wp-content\/uploads\/2018\/10\/Toeth-Zell-Aktivator.jpg","type":"image\/jpeg"}],"twitter_card":"summary_large_image","twitter_misc":{"Gesch\u00e4tzte Lesezeit":"1\u00a0Minute"},"schema":{"@context":"https:\/\/schema.org","@graph":[{"@type":"WebPage","@id":"https:\/\/www.naturgeladen.at\/wp\/produkt\/licht-quanten-naturprodukte-gmbh-licht-quanten-konzentrate-licht-quanten-zell-aktivator\/","url":"https:\/\/www.naturgeladen.at\/wp\/produkt\/licht-quanten-naturprodukte-gmbh-licht-quanten-konzentrate-licht-quanten-zell-aktivator\/","name":"B34 Licht-Quanten Naturprodukte GmbH Zell-Aktivator 50 ml &#8211; naturgeladen.at","isPartOf":{"@id":"https:\/\/www.naturgeladen.at\/wp\/#website"},"primaryImageOfPage":{"@id":"https:\/\/www.naturgeladen.at\/wp\/produkt\/licht-quanten-naturprodukte-gmbh-licht-quanten-konzentrate-licht-quanten-zell-aktivator\/#primaryimage"},"image":{"@id":"https:\/\/www.naturgeladen.at\/wp\/produkt\/licht-quanten-naturprodukte-gmbh-licht-quanten-konzentrate-licht-quanten-zell-aktivator\/#primaryimage"},"thumbnailUrl":"https:\/\/www.naturgeladen.at\/wp\/wp-content\/uploads\/2018\/10\/Toeth-Zell-Aktivator.jpg","datePublished":"2018-10-08T08:15:14+00:00","dateModified":"2024-10-20T17:20:19+00:00","breadcrumb":{"@id":"https:\/\/www.naturgeladen.at\/wp\/produkt\/licht-quanten-naturprodukte-gmbh-licht-quanten-konzentrate-licht-quanten-zell-aktivator\/#breadcrumb"},"inLanguage":"de","potentialAction":[{"@type":"ReadAction","target":["https:\/\/www.naturgeladen.at\/wp\/produkt\/licht-quanten-naturprodukte-gmbh-licht-quanten-konzentrate-licht-quanten-zell-aktivator\/"]}]},{"@type":"ImageObject","inLanguage":"de","@id":"https:\/\/www.naturgeladen.at\/wp\/produkt\/licht-quanten-naturprodukte-gmbh-licht-quanten-konzentrate-licht-quanten-zell-aktivator\/#primaryimage","url":"https:\/\/www.naturgeladen.at\/wp\/wp-content\/uploads\/2018\/10\/Toeth-Zell-Aktivator.jpg","contentUrl":"https:\/\/www.naturgeladen.at\/wp\/wp-content\/uploads\/2018\/10\/Toeth-Zell-Aktivator.jpg","width":640,"height":640},{"@type":"BreadcrumbList","@id":"https:\/\/www.naturgeladen.at\/wp\/produkt\/licht-quanten-naturprodukte-gmbh-licht-quanten-konzentrate-licht-quanten-zell-aktivator\/#breadcrumb","itemListElement":[{"@type":"ListItem","position":1,"name":"Startseite","item":"https:\/\/www.naturgeladen.at\/wp\/"},{"@type":"ListItem","position":2,"name":"Shop","item":"https:\/\/www.naturgeladen.at\/wp\/shop\/"},{"@type":"ListItem","position":3,"name":"B34 Licht-Quanten Naturprodukte GmbH Zell-Aktivator 50 ml"}]},{"@type":"WebSite","@id":"https:\/\/www.naturgeladen.at\/wp\/#website","url":"https:\/\/www.naturgeladen.at\/wp\/","name":"naturgeladen.at","description":"Reformhaus","publisher":{"@id":"https:\/\/www.naturgeladen.at\/wp\/#organization"},"potentialAction":[{"@type":"SearchAction","target":{"@type":"EntryPoint","urlTemplate":"https:\/\/www.naturgeladen.at\/wp\/?s={search_term_string}"},"query-input":{"@type":"PropertyValueSpecification","valueRequired":true,"valueName":"search_term_string"}}],"inLanguage":"de"},{"@type":"Organization","@id":"https:\/\/www.naturgeladen.at\/wp\/#organization","name":"naturgeladen.at","url":"https:\/\/www.naturgeladen.at\/wp\/","logo":{"@type":"ImageObject","inLanguage":"de","@id":"https:\/\/www.naturgeladen.at\/wp\/#\/schema\/logo\/image\/","url":"https:\/\/www.naturgeladen.at\/wp\/wp-content\/uploads\/2019\/06\/naturgeladen_logo.jpg","contentUrl":"https:\/\/www.naturgeladen.at\/wp\/wp-content\/uploads\/2019\/06\/naturgeladen_logo.jpg","width":150,"height":150,"caption":"naturgeladen.at"},"image":{"@id":"https:\/\/www.naturgeladen.at\/wp\/#\/schema\/logo\/image\/"},"sameAs":["https:\/\/www.facebook.com\/naturgeladen","https:\/\/www.instagram.com\/naturgeladen\/?hl=de"]}]}},"_links":{"self":[{"href":"https:\/\/www.naturgeladen.at\/wp\/wp-json\/wp\/v2\/product\/333","targetHints":{"allow":["GET"]}}],"collection":[{"href":"https:\/\/www.naturgeladen.at\/wp\/wp-json\/wp\/v2\/product"}],"about":[{"href":"https:\/\/www.naturgeladen.at\/wp\/wp-json\/wp\/v2\/types\/product"}],"wp:featuredmedia":[{"embeddable":true,"href":"https:\/\/www.naturgeladen.at\/wp\/wp-json\/wp\/v2\/media\/2160"}],"wp:attachment":[{"href":"https:\/\/www.naturgeladen.at\/wp\/wp-json\/wp\/v2\/media?parent=333"}],"wp:term":[{"taxonomy":"product_brand","embeddable":true,"href":"https:\/\/www.naturgeladen.at\/wp\/wp-json\/wp\/v2\/product_brand?post=333"},{"taxonomy":"product_cat","embeddable":true,"href":"https:\/\/www.naturgeladen.at\/wp\/wp-json\/wp\/v2\/product_cat?post=333"},{"taxonomy":"product_tag","embeddable":true,"href":"https:\/\/www.naturgeladen.at\/wp\/wp-json\/wp\/v2\/product_tag?post=333"}],"curies":[{"name":"wp","href":"https:\/\/api.w.org\/{rel}","templated":true}]}}