{"id":331,"date":"2018-10-08T10:15:14","date_gmt":"2018-10-08T08:15:14","guid":{"rendered":"https:\/\/richard-lumpi.com\/demonatur\/produkt\/licht-quanten-naturprodukte-gmbh-kraeutertee-basen-bergkraeuter-tee-wohlbefinden-unterstuetzen\/"},"modified":"2024-10-20T19:18:24","modified_gmt":"2024-10-20T17:18:24","slug":"licht-quanten-naturprodukte-gmbh-kraeutertee-basen-bergkraeuter-tee-wohlbefinden-unterstuetzen","status":"publish","type":"product","link":"https:\/\/www.naturgeladen.at\/wp\/produkt\/licht-quanten-naturprodukte-gmbh-kraeutertee-basen-bergkraeuter-tee-wohlbefinden-unterstuetzen\/","title":{"rendered":"B28 Licht-Quanten Naturprodukte GmbH Bergkr\u00e4uter Tee &#8211; Wohlbefinden unterst\u00fctzen 50g"},"content":{"rendered":"<p>Ein genussvoller Start in den Tag!<br \/>\nZusatzinformationen:<br \/>\nF\u00fcr den Basen-Bergkr\u00e4uter-Tee Dr. Ewald T\u00f6th\u00ae werden nur Kr\u00e4uter aus kontrolliert biologischem Anbau verwendet. Was ihn aber als einzigartig auszeichnet, sind die enthaltenen Kr\u00e4uter aus zertifizierter Wildsammlung von der Licht-Quell-Alm im steirischen Salzkammergut. Unter der Bergsonne auf 1000 m Seeh\u00f6he gedeihen die frischen, saftigen Bio-Kr\u00e4uter wild und nach Anbau besonders \u00fcppig. Aufgrund der H\u00f6henlage sind hier die 4 Elementarkr\u00e4fte der Natur besonders ausgepr\u00e4gt. Die Licht-Quell-Alm ist eine besondere Region mit hohem Erholungswert und einem enormen Potenzial an unber\u00fchrten Naturr\u00e4umen.<\/p>\n<p>Ganz viel Wissen, Erfahrung und Verantwortung<\/p>\n<p>\u2022 LICHT-QUANTEN-AKTIV\u00ae (Patentiertes Licht-Quanten-Verfahren).<br \/>\n\u2022 Ganzheitsmedizinisch inspirierte Unterst\u00fctzung der S\u00e4ure-Basen-Balance.<br \/>\n\u2022 Eingetragen in der K\u00f6lner Liste\u00ae.<br \/>\n\u2022 Qualit\u00e4t aus \u00d6sterreich.<\/p>\n<p>Zu einer ausgewogenen Ern\u00e4hrung geh\u00f6rt auch eine ausreichende Fl\u00fcssigkeitszufuhr. Der Basen Bio Bergkr\u00e4uter Tee Dr. Ewald T\u00f6th\u00ae ist dabei eine wohlschmeckende Alternative. Im Winter ist er ein angenehm w\u00e4rmender, im Sommer ein erfrischender Genuss.<\/p>\n<p>Eine Kombination von 8 ausgew\u00e4hlten Kr\u00e4utern, die aus kontrolliert biologischen Anbau und aus kontrolliert biologischer Wildsammlung von der Licht-Quell-Alm im Salzkammergut stammen. Die verschiedenen Wirkstoffe der Kr\u00e4uter helfen das S\u00e4ure-Basen-Gleichgewicht wieder herzustellen.<\/p>\n<p>Anwendung<\/p>\n<p>Der Basen-Bergkr\u00e4uter-Tee ist besonders beliebt als Fr\u00fchst\u00fcckstee, als Teegenuss f\u00fcr Zwischendurch und als Begleiter bei Fastenkuren. Er schmeckt hei\u00df und kalt \u2013 ganz nach Lust und Laune.<\/p>\n<p>Wir empfehlen den regelm\u00e4\u00dfigen, mehrmals t\u00e4glichen Genuss. Ideal auch f\u00fcr Sportler zum Ausgleich des Fl\u00fcssigkeitshaushaltes (eingetragen in der K\u00f6lner Liste\u00ae).<\/p>\n<p>Zubereitung: 1 bis 2 TL pro Tasse mit frischem, sprudelnd kochendem Wasser aufgie\u00dfen und 10 Minuten ziehen lassen.<\/p>\n<p>Zusammensetzung<\/p>\n<p>Zitronenmelisse*, Himbeerbl\u00e4tter*, Schafgarbe*, Holunderbl\u00fcten*, Lindenbl\u00fcten*, Zinnkraut*, Thymian*, G\u00e4nsebl\u00fcmchen*<\/p>\n<p>* aus kontrolliert biologischen Anbau<\/p>\n<p>F\u00fcr alle Inhaltsstoffe gilt: Ma\u00dfgeblich sind die Deklarationen auf der Verpackung.<\/p>\n<p>&nbsp;<\/p>\n","protected":false},"excerpt":{"rendered":"<p>Ein genussvoller Start in den Tag! Zusatzinformationen: F\u00fcr den Basen-Bergkr\u00e4uter-Tee Dr. Ewald T\u00f6th\u00ae werden nur Kr\u00e4uter aus kontrolliert biologischem Anbau verwendet. Was ihn aber als einzigartig auszeichnet, sind die enthaltenen Kr\u00e4uter aus zertifizierter Wildsammlung von der Licht-Quell-Alm im steirischen Salzkammergut. Unter der Bergsonne auf 1000 m Seeh\u00f6he gedeihen die frischen, saftigen Bio-Kr\u00e4uter wild und nach [&hellip;]<\/p>\n","protected":false},"featured_media":2152,"template":"","meta":[],"product_brand":[],"product_cat":[42],"product_tag":[],"class_list":{"0":"post-331","1":"product","2":"type-product","3":"status-publish","4":"has-post-thumbnail","6":"product_cat-licht-quanten-naturprodukte","8":"first","9":"instock","10":"taxable","11":"shipping-taxable","12":"purchasable","13":"product-type-simple"},"yoast_head":"<!-- This site is optimized with the Yoast SEO plugin v27.3 - https:\/\/yoast.com\/product\/yoast-seo-wordpress\/ -->\n<title>B28 Licht-Quanten Naturprodukte GmbH Bergkr\u00e4uter Tee - Wohlbefinden unterst\u00fctzen 50g &#8211; naturgeladen.at<\/title>\n<meta name=\"robots\" content=\"index, follow, max-snippet:-1, max-image-preview:large, max-video-preview:-1\" \/>\n<link rel=\"canonical\" href=\"https:\/\/www.naturgeladen.at\/wp\/produkt\/licht-quanten-naturprodukte-gmbh-kraeutertee-basen-bergkraeuter-tee-wohlbefinden-unterstuetzen\/\" \/>\n<meta property=\"og:locale\" content=\"de_DE\" \/>\n<meta property=\"og:type\" content=\"article\" \/>\n<meta property=\"og:title\" content=\"B28 Licht-Quanten Naturprodukte GmbH Bergkr\u00e4uter Tee - Wohlbefinden unterst\u00fctzen 50g &#8211; naturgeladen.at\" \/>\n<meta property=\"og:description\" content=\"Ein genussvoller Start in den Tag! Zusatzinformationen: F\u00fcr den Basen-Bergkr\u00e4uter-Tee Dr. Ewald T\u00f6th\u00ae werden nur Kr\u00e4uter aus kontrolliert biologischem Anbau verwendet. Was ihn aber als einzigartig auszeichnet, sind die enthaltenen Kr\u00e4uter aus zertifizierter Wildsammlung von der Licht-Quell-Alm im steirischen Salzkammergut. Unter der Bergsonne auf 1000 m Seeh\u00f6he gedeihen die frischen, saftigen Bio-Kr\u00e4uter wild und nach [&hellip;]\" \/>\n<meta property=\"og:url\" content=\"https:\/\/www.naturgeladen.at\/wp\/produkt\/licht-quanten-naturprodukte-gmbh-kraeutertee-basen-bergkraeuter-tee-wohlbefinden-unterstuetzen\/\" \/>\n<meta property=\"og:site_name\" content=\"naturgeladen.at\" \/>\n<meta property=\"article:publisher\" content=\"https:\/\/www.facebook.com\/naturgeladen\" \/>\n<meta property=\"article:modified_time\" content=\"2024-10-20T17:18:24+00:00\" \/>\n<meta property=\"og:image\" content=\"https:\/\/www.naturgeladen.at\/wp\/wp-content\/uploads\/2018\/10\/Toeth-Bergkraeuter-Tee.jpg\" \/>\n\t<meta property=\"og:image:width\" content=\"640\" \/>\n\t<meta property=\"og:image:height\" content=\"640\" \/>\n\t<meta property=\"og:image:type\" content=\"image\/jpeg\" \/>\n<meta name=\"twitter:card\" content=\"summary_large_image\" \/>\n<meta name=\"twitter:label1\" content=\"Gesch\u00e4tzte Lesezeit\" \/>\n\t<meta name=\"twitter:data1\" content=\"2\u00a0Minuten\" \/>\n<script type=\"application\/ld+json\" class=\"yoast-schema-graph\">{\"@context\":\"https:\\\/\\\/schema.org\",\"@graph\":[{\"@type\":\"WebPage\",\"@id\":\"https:\\\/\\\/www.naturgeladen.at\\\/wp\\\/produkt\\\/licht-quanten-naturprodukte-gmbh-kraeutertee-basen-bergkraeuter-tee-wohlbefinden-unterstuetzen\\\/\",\"url\":\"https:\\\/\\\/www.naturgeladen.at\\\/wp\\\/produkt\\\/licht-quanten-naturprodukte-gmbh-kraeutertee-basen-bergkraeuter-tee-wohlbefinden-unterstuetzen\\\/\",\"name\":\"B28 Licht-Quanten Naturprodukte GmbH Bergkr\u00e4uter Tee - Wohlbefinden unterst\u00fctzen 50g &#8211; naturgeladen.at\",\"isPartOf\":{\"@id\":\"https:\\\/\\\/www.naturgeladen.at\\\/wp\\\/#website\"},\"primaryImageOfPage\":{\"@id\":\"https:\\\/\\\/www.naturgeladen.at\\\/wp\\\/produkt\\\/licht-quanten-naturprodukte-gmbh-kraeutertee-basen-bergkraeuter-tee-wohlbefinden-unterstuetzen\\\/#primaryimage\"},\"image\":{\"@id\":\"https:\\\/\\\/www.naturgeladen.at\\\/wp\\\/produkt\\\/licht-quanten-naturprodukte-gmbh-kraeutertee-basen-bergkraeuter-tee-wohlbefinden-unterstuetzen\\\/#primaryimage\"},\"thumbnailUrl\":\"https:\\\/\\\/www.naturgeladen.at\\\/wp\\\/wp-content\\\/uploads\\\/2018\\\/10\\\/Toeth-Bergkraeuter-Tee.jpg\",\"datePublished\":\"2018-10-08T08:15:14+00:00\",\"dateModified\":\"2024-10-20T17:18:24+00:00\",\"breadcrumb\":{\"@id\":\"https:\\\/\\\/www.naturgeladen.at\\\/wp\\\/produkt\\\/licht-quanten-naturprodukte-gmbh-kraeutertee-basen-bergkraeuter-tee-wohlbefinden-unterstuetzen\\\/#breadcrumb\"},\"inLanguage\":\"de\",\"potentialAction\":[{\"@type\":\"ReadAction\",\"target\":[\"https:\\\/\\\/www.naturgeladen.at\\\/wp\\\/produkt\\\/licht-quanten-naturprodukte-gmbh-kraeutertee-basen-bergkraeuter-tee-wohlbefinden-unterstuetzen\\\/\"]}]},{\"@type\":\"ImageObject\",\"inLanguage\":\"de\",\"@id\":\"https:\\\/\\\/www.naturgeladen.at\\\/wp\\\/produkt\\\/licht-quanten-naturprodukte-gmbh-kraeutertee-basen-bergkraeuter-tee-wohlbefinden-unterstuetzen\\\/#primaryimage\",\"url\":\"https:\\\/\\\/www.naturgeladen.at\\\/wp\\\/wp-content\\\/uploads\\\/2018\\\/10\\\/Toeth-Bergkraeuter-Tee.jpg\",\"contentUrl\":\"https:\\\/\\\/www.naturgeladen.at\\\/wp\\\/wp-content\\\/uploads\\\/2018\\\/10\\\/Toeth-Bergkraeuter-Tee.jpg\",\"width\":640,\"height\":640},{\"@type\":\"BreadcrumbList\",\"@id\":\"https:\\\/\\\/www.naturgeladen.at\\\/wp\\\/produkt\\\/licht-quanten-naturprodukte-gmbh-kraeutertee-basen-bergkraeuter-tee-wohlbefinden-unterstuetzen\\\/#breadcrumb\",\"itemListElement\":[{\"@type\":\"ListItem\",\"position\":1,\"name\":\"Startseite\",\"item\":\"https:\\\/\\\/www.naturgeladen.at\\\/wp\\\/\"},{\"@type\":\"ListItem\",\"position\":2,\"name\":\"Shop\",\"item\":\"https:\\\/\\\/www.naturgeladen.at\\\/wp\\\/shop\\\/\"},{\"@type\":\"ListItem\",\"position\":3,\"name\":\"B28 Licht-Quanten Naturprodukte GmbH Bergkr\u00e4uter Tee &#8211; Wohlbefinden unterst\u00fctzen 50g\"}]},{\"@type\":\"WebSite\",\"@id\":\"https:\\\/\\\/www.naturgeladen.at\\\/wp\\\/#website\",\"url\":\"https:\\\/\\\/www.naturgeladen.at\\\/wp\\\/\",\"name\":\"naturgeladen.at\",\"description\":\"Reformhaus\",\"publisher\":{\"@id\":\"https:\\\/\\\/www.naturgeladen.at\\\/wp\\\/#organization\"},\"potentialAction\":[{\"@type\":\"SearchAction\",\"target\":{\"@type\":\"EntryPoint\",\"urlTemplate\":\"https:\\\/\\\/www.naturgeladen.at\\\/wp\\\/?s={search_term_string}\"},\"query-input\":{\"@type\":\"PropertyValueSpecification\",\"valueRequired\":true,\"valueName\":\"search_term_string\"}}],\"inLanguage\":\"de\"},{\"@type\":\"Organization\",\"@id\":\"https:\\\/\\\/www.naturgeladen.at\\\/wp\\\/#organization\",\"name\":\"naturgeladen.at\",\"url\":\"https:\\\/\\\/www.naturgeladen.at\\\/wp\\\/\",\"logo\":{\"@type\":\"ImageObject\",\"inLanguage\":\"de\",\"@id\":\"https:\\\/\\\/www.naturgeladen.at\\\/wp\\\/#\\\/schema\\\/logo\\\/image\\\/\",\"url\":\"https:\\\/\\\/www.naturgeladen.at\\\/wp\\\/wp-content\\\/uploads\\\/2019\\\/06\\\/naturgeladen_logo.jpg\",\"contentUrl\":\"https:\\\/\\\/www.naturgeladen.at\\\/wp\\\/wp-content\\\/uploads\\\/2019\\\/06\\\/naturgeladen_logo.jpg\",\"width\":150,\"height\":150,\"caption\":\"naturgeladen.at\"},\"image\":{\"@id\":\"https:\\\/\\\/www.naturgeladen.at\\\/wp\\\/#\\\/schema\\\/logo\\\/image\\\/\"},\"sameAs\":[\"https:\\\/\\\/www.facebook.com\\\/naturgeladen\",\"https:\\\/\\\/www.instagram.com\\\/naturgeladen\\\/?hl=de\"]}]}<\/script>\n<!-- \/ Yoast SEO plugin. -->","yoast_head_json":{"title":"B28 Licht-Quanten Naturprodukte GmbH Bergkr\u00e4uter Tee - Wohlbefinden unterst\u00fctzen 50g &#8211; naturgeladen.at","robots":{"index":"index","follow":"follow","max-snippet":"max-snippet:-1","max-image-preview":"max-image-preview:large","max-video-preview":"max-video-preview:-1"},"canonical":"https:\/\/www.naturgeladen.at\/wp\/produkt\/licht-quanten-naturprodukte-gmbh-kraeutertee-basen-bergkraeuter-tee-wohlbefinden-unterstuetzen\/","og_locale":"de_DE","og_type":"article","og_title":"B28 Licht-Quanten Naturprodukte GmbH Bergkr\u00e4uter Tee - Wohlbefinden unterst\u00fctzen 50g &#8211; naturgeladen.at","og_description":"Ein genussvoller Start in den Tag! Zusatzinformationen: F\u00fcr den Basen-Bergkr\u00e4uter-Tee Dr. Ewald T\u00f6th\u00ae werden nur Kr\u00e4uter aus kontrolliert biologischem Anbau verwendet. Was ihn aber als einzigartig auszeichnet, sind die enthaltenen Kr\u00e4uter aus zertifizierter Wildsammlung von der Licht-Quell-Alm im steirischen Salzkammergut. Unter der Bergsonne auf 1000 m Seeh\u00f6he gedeihen die frischen, saftigen Bio-Kr\u00e4uter wild und nach [&hellip;]","og_url":"https:\/\/www.naturgeladen.at\/wp\/produkt\/licht-quanten-naturprodukte-gmbh-kraeutertee-basen-bergkraeuter-tee-wohlbefinden-unterstuetzen\/","og_site_name":"naturgeladen.at","article_publisher":"https:\/\/www.facebook.com\/naturgeladen","article_modified_time":"2024-10-20T17:18:24+00:00","og_image":[{"width":640,"height":640,"url":"https:\/\/www.naturgeladen.at\/wp\/wp-content\/uploads\/2018\/10\/Toeth-Bergkraeuter-Tee.jpg","type":"image\/jpeg"}],"twitter_card":"summary_large_image","twitter_misc":{"Gesch\u00e4tzte Lesezeit":"2\u00a0Minuten"},"schema":{"@context":"https:\/\/schema.org","@graph":[{"@type":"WebPage","@id":"https:\/\/www.naturgeladen.at\/wp\/produkt\/licht-quanten-naturprodukte-gmbh-kraeutertee-basen-bergkraeuter-tee-wohlbefinden-unterstuetzen\/","url":"https:\/\/www.naturgeladen.at\/wp\/produkt\/licht-quanten-naturprodukte-gmbh-kraeutertee-basen-bergkraeuter-tee-wohlbefinden-unterstuetzen\/","name":"B28 Licht-Quanten Naturprodukte GmbH Bergkr\u00e4uter Tee - Wohlbefinden unterst\u00fctzen 50g &#8211; naturgeladen.at","isPartOf":{"@id":"https:\/\/www.naturgeladen.at\/wp\/#website"},"primaryImageOfPage":{"@id":"https:\/\/www.naturgeladen.at\/wp\/produkt\/licht-quanten-naturprodukte-gmbh-kraeutertee-basen-bergkraeuter-tee-wohlbefinden-unterstuetzen\/#primaryimage"},"image":{"@id":"https:\/\/www.naturgeladen.at\/wp\/produkt\/licht-quanten-naturprodukte-gmbh-kraeutertee-basen-bergkraeuter-tee-wohlbefinden-unterstuetzen\/#primaryimage"},"thumbnailUrl":"https:\/\/www.naturgeladen.at\/wp\/wp-content\/uploads\/2018\/10\/Toeth-Bergkraeuter-Tee.jpg","datePublished":"2018-10-08T08:15:14+00:00","dateModified":"2024-10-20T17:18:24+00:00","breadcrumb":{"@id":"https:\/\/www.naturgeladen.at\/wp\/produkt\/licht-quanten-naturprodukte-gmbh-kraeutertee-basen-bergkraeuter-tee-wohlbefinden-unterstuetzen\/#breadcrumb"},"inLanguage":"de","potentialAction":[{"@type":"ReadAction","target":["https:\/\/www.naturgeladen.at\/wp\/produkt\/licht-quanten-naturprodukte-gmbh-kraeutertee-basen-bergkraeuter-tee-wohlbefinden-unterstuetzen\/"]}]},{"@type":"ImageObject","inLanguage":"de","@id":"https:\/\/www.naturgeladen.at\/wp\/produkt\/licht-quanten-naturprodukte-gmbh-kraeutertee-basen-bergkraeuter-tee-wohlbefinden-unterstuetzen\/#primaryimage","url":"https:\/\/www.naturgeladen.at\/wp\/wp-content\/uploads\/2018\/10\/Toeth-Bergkraeuter-Tee.jpg","contentUrl":"https:\/\/www.naturgeladen.at\/wp\/wp-content\/uploads\/2018\/10\/Toeth-Bergkraeuter-Tee.jpg","width":640,"height":640},{"@type":"BreadcrumbList","@id":"https:\/\/www.naturgeladen.at\/wp\/produkt\/licht-quanten-naturprodukte-gmbh-kraeutertee-basen-bergkraeuter-tee-wohlbefinden-unterstuetzen\/#breadcrumb","itemListElement":[{"@type":"ListItem","position":1,"name":"Startseite","item":"https:\/\/www.naturgeladen.at\/wp\/"},{"@type":"ListItem","position":2,"name":"Shop","item":"https:\/\/www.naturgeladen.at\/wp\/shop\/"},{"@type":"ListItem","position":3,"name":"B28 Licht-Quanten Naturprodukte GmbH Bergkr\u00e4uter Tee &#8211; Wohlbefinden unterst\u00fctzen 50g"}]},{"@type":"WebSite","@id":"https:\/\/www.naturgeladen.at\/wp\/#website","url":"https:\/\/www.naturgeladen.at\/wp\/","name":"naturgeladen.at","description":"Reformhaus","publisher":{"@id":"https:\/\/www.naturgeladen.at\/wp\/#organization"},"potentialAction":[{"@type":"SearchAction","target":{"@type":"EntryPoint","urlTemplate":"https:\/\/www.naturgeladen.at\/wp\/?s={search_term_string}"},"query-input":{"@type":"PropertyValueSpecification","valueRequired":true,"valueName":"search_term_string"}}],"inLanguage":"de"},{"@type":"Organization","@id":"https:\/\/www.naturgeladen.at\/wp\/#organization","name":"naturgeladen.at","url":"https:\/\/www.naturgeladen.at\/wp\/","logo":{"@type":"ImageObject","inLanguage":"de","@id":"https:\/\/www.naturgeladen.at\/wp\/#\/schema\/logo\/image\/","url":"https:\/\/www.naturgeladen.at\/wp\/wp-content\/uploads\/2019\/06\/naturgeladen_logo.jpg","contentUrl":"https:\/\/www.naturgeladen.at\/wp\/wp-content\/uploads\/2019\/06\/naturgeladen_logo.jpg","width":150,"height":150,"caption":"naturgeladen.at"},"image":{"@id":"https:\/\/www.naturgeladen.at\/wp\/#\/schema\/logo\/image\/"},"sameAs":["https:\/\/www.facebook.com\/naturgeladen","https:\/\/www.instagram.com\/naturgeladen\/?hl=de"]}]}},"_links":{"self":[{"href":"https:\/\/www.naturgeladen.at\/wp\/wp-json\/wp\/v2\/product\/331","targetHints":{"allow":["GET"]}}],"collection":[{"href":"https:\/\/www.naturgeladen.at\/wp\/wp-json\/wp\/v2\/product"}],"about":[{"href":"https:\/\/www.naturgeladen.at\/wp\/wp-json\/wp\/v2\/types\/product"}],"wp:featuredmedia":[{"embeddable":true,"href":"https:\/\/www.naturgeladen.at\/wp\/wp-json\/wp\/v2\/media\/2152"}],"wp:attachment":[{"href":"https:\/\/www.naturgeladen.at\/wp\/wp-json\/wp\/v2\/media?parent=331"}],"wp:term":[{"taxonomy":"product_brand","embeddable":true,"href":"https:\/\/www.naturgeladen.at\/wp\/wp-json\/wp\/v2\/product_brand?post=331"},{"taxonomy":"product_cat","embeddable":true,"href":"https:\/\/www.naturgeladen.at\/wp\/wp-json\/wp\/v2\/product_cat?post=331"},{"taxonomy":"product_tag","embeddable":true,"href":"https:\/\/www.naturgeladen.at\/wp\/wp-json\/wp\/v2\/product_tag?post=331"}],"curies":[{"name":"wp","href":"https:\/\/api.w.org\/{rel}","templated":true}]}}