{"id":27,"date":"2018-09-25T14:49:59","date_gmt":"2018-09-25T12:49:59","guid":{"rendered":"https:\/\/richard-lumpi.com\/demonatur\/?page_id=27"},"modified":"2026-01-03T13:33:52","modified_gmt":"2026-01-03T12:33:52","slug":"impressum","status":"publish","type":"page","link":"https:\/\/www.naturgeladen.at\/wp\/impressum\/","title":{"rendered":"Impressum"},"content":{"rendered":"\t\t<div data-elementor-type=\"wp-post\" data-elementor-id=\"27\" class=\"elementor elementor-27\" data-elementor-post-type=\"page\">\n\t\t\t\t\t\t<section class=\"elementor-section elementor-top-section elementor-element elementor-element-4247429 elementor-section-boxed elementor-section-height-default elementor-section-height-default\" data-id=\"4247429\" data-element_type=\"section\" data-e-type=\"section\">\n\t\t\t\t\t\t<div class=\"elementor-container elementor-column-gap-default\">\n\t\t\t\t\t<div class=\"elementor-column elementor-col-50 elementor-top-column elementor-element elementor-element-dd84de2\" data-id=\"dd84de2\" data-element_type=\"column\" data-e-type=\"column\">\n\t\t\t<div class=\"elementor-widget-wrap elementor-element-populated\">\n\t\t\t\t\t\t<div class=\"elementor-element elementor-element-a59c09e elementor-widget elementor-widget-text-editor\" data-id=\"a59c09e\" data-element_type=\"widget\" data-e-type=\"widget\" data-widget_type=\"text-editor.default\">\n\t\t\t\t<div class=\"elementor-widget-container\">\n\t\t\t\t\t\t\t\t\t<h5><strong>Angaben gem\u00e4\u00df \u00a7 5 TMG:<\/strong><\/h5><p>Reformhaus naturgeladen <br \/>Irmgard Gasperini<br \/>Rudolf-Bachbauer-Gasse 9\u00a0\u00a0 <br \/>5630\u00a0Bad Hofgastein \u00d6sterreich<\/p><h5><strong>Kontakt:<\/strong><\/h5><h5>Telefon: +43 664 180 95 10<\/h5><p>E-Mail: office@naturgeladen.at<\/p><h5><strong>Umsatzsteuer<\/strong>:<\/h5><p>Umsatzsteuer-Identifikationsnummer gem\u00e4\u00df \u00a727 a<br \/>Umsatzsteuergesetz:<br \/>ATU72094878<\/p><p><strong>Mitglied bei:<\/strong>\u00a0WKO <br \/><strong>Berufsrecht:<\/strong>\u00a0Gewerbeordnung:\u00a0<a href=\"https:\/\/deref-gmx.net\/mail\/client\/OI6IfGNYqmk\/dereferrer\/?redirectUrl=http%3A%2F%2Fwww.ris.bka.gv.at%2F\">www.ris.bka.gv.at<\/a><\/p><p><strong>Aufsichtsbeh\u00f6rde\/Gewerbebeh\u00f6rde:<\/strong>\u00a0Bezirkshauptmannschaft St. Johann im Pongau <br \/><strong>Berufsbezeichnung:<\/strong>\u00a0Handel <br \/><strong>Verleihungsstaat:<\/strong>\u00a0\u00d6sterreich<\/p><h5>\u00a0<\/h5><h5><strong>Streitschlichtung<\/strong><\/h5><p>Die Europ\u00e4ische Kommission stellt eine Plattform zur Online-Streitbeilegung (OS) bereit: <a href=\"https:\/\/ec.europa.eu\/consumers\/odr\" target=\"_blank\" rel=\"noopener\">https:\/\/ec.europa.eu\/consumers\/odr<\/a><br \/>Unsere E-Mail-Adresse finden Sie oben im Impressum.<\/p><p>Wir sind nicht bereit oder verpflichtet, an Streitbeilegungsverfahren vor einer Verbraucherschlichtungsstelle teilzunehmen.<\/p><h5><strong>Haftung <\/strong><strong>f\u00fcr Inhalte<\/strong><\/h5><p>Als Diensteanbieter sind wir gem\u00e4\u00df \u00a7 7 Abs.1 TMG f\u00fcr eigene Inhalte auf diesen Seiten nach den allgemeinen Gesetzen verantwortlich. Nach \u00a7\u00a7 8 bis 10 TMG sind wir als Diensteanbieter jedoch nicht verpflichtet, \u00fcbermittelte oder gespeicherte fremde Informationen zu \u00fcberwachen oder nach Umst\u00e4nden zu forschen, die auf eine rechtswidrigeT\u00e4tigkeit hinweisen.<\/p><p>Verpflichtungen zur Entfernung oder Sperrung der Nutzung von<br \/>Informationen nach den allgemeinen Gesetzen bleiben hiervon unber\u00fchrt. Eine diesbez\u00fcgliche Haftung ist jedoch erst ab dem Zeitpunkt der Kenntnis einer konkreten Rechtsverletzung m\u00f6glich. Bei Bekanntwerden von entsprechenden Rechtsverletzungen werden wir diese Inhalte umgehend entfernen.<\/p>\t\t\t\t\t\t\t\t<\/div>\n\t\t\t\t<\/div>\n\t\t\t\t\t<\/div>\n\t\t<\/div>\n\t\t\t\t<div class=\"elementor-column elementor-col-50 elementor-top-column elementor-element elementor-element-486dd7b\" data-id=\"486dd7b\" data-element_type=\"column\" data-e-type=\"column\">\n\t\t\t<div class=\"elementor-widget-wrap elementor-element-populated\">\n\t\t\t\t\t\t<div class=\"elementor-element elementor-element-1c96f01 elementor-widget elementor-widget-text-editor\" data-id=\"1c96f01\" data-element_type=\"widget\" data-e-type=\"widget\" data-widget_type=\"text-editor.default\">\n\t\t\t\t<div class=\"elementor-widget-container\">\n\t\t\t\t\t\t\t\t\t\n<h5><strong>Haftung f\u00fcr Links<\/strong><\/h5>\nUnser Angebot enth\u00e4lt Links zu externen Websites Dritter, auf deren Inhalte wir keinen E influss haben. Deshalb k\u00f6nnen wir f\u00fcr diese fremden Inhalte auch keine Gew\u00e4hr \u00fcbernehmen. F\u00fcr die Inhalte der verlinkten Seiten ist stets der jeweilige Anbieter oder Betreiber der Seiten verantwortlich. Die verlinkten Seiten wurden zum Zeitpunkt der Verlinkung auf m\u00f6gliche Rechtsverst\u00f6\u00dfe \u00fcberpr\u00fcft. Rechtswidrige Inhalte waren zum Zeitpunkt der Verlinkung nicht erkennbar.\n\nEine permanenteinhaltliche Kontrolle der verlinkten Seiten ist jedoch ohne konkrete Anhaltsp unkte einer Rechtsverletzungnicht zumutbar. Bei Bekanntwerden von Rechtsverletzungen werden wir derartige Links umgehend entfernen.\n<h5><strong>Urheberrecht<\/strong><\/h5>\nDie durch die Seitenbetreiber erstellten Inhalte und Werke auf\ndiesen Seiten unterliegen dem deutschen Urheberrecht. Die Vervielf\u00e4ltigung, Bearbeitung, Verbreitung und jede Art der Verwertung au\u00dferhalb der Grenzen des Urheberrechtes bed\u00fcrfen\nder schriftlichen Zustimmung des jeweiligen Autors bzw. Erstellers. Downloads und Kopien dieser Seite sind nur f\u00fcr den privaten, nicht kommerziellen Gebrauch gestattet.\n\nSoweit die Inhalte auf dieser Seite nicht vom Betreiber erstellt wurden, werden die Urheberrechte Dritter beachtet. Insbesondere\nwerden Inhalte Dritter als solche gekennzeichnet. Sollten Sie trot zdem auf eine Urh eberrechtsverletzungaufmerksam werden, bitten wir um einen entsprechenden Hinweis. Bei Bekanntwerden von Rechtsverletzungen werden wir derartige Inhalte umgehend entfernen.\n\nQuelle: https:\/\/www.e-recht24.de\n\n<\/div>\n<\/div>\n<\/div>\n<\/div>\n<\/div>\n<\/div>\t\t\t\t\t\t\t\t<\/div>\n\t\t\t\t<\/div>\n\t\t\t\t\t<\/div>\n\t\t<\/div>\n\t\t\t\t\t<\/div>\n\t\t<\/section>\n\t\t\t\t<\/div>\n\t\t","protected":false},"excerpt":{"rendered":"<p>Angaben gem\u00e4\u00df \u00a7 5 TMG: Reformhaus naturgeladen Irmgard GasperiniRudolf-Bachbauer-Gasse 9\u00a0\u00a0 5630\u00a0Bad Hofgastein \u00d6sterreich Kontakt: Telefon: +43 664 180 95 10 E-Mail: office@naturgeladen.at Umsatzsteuer: Umsatzsteuer-Identifikationsnummer gem\u00e4\u00df \u00a727 aUmsatzsteuergesetz:ATU72094878 Mitglied bei:\u00a0WKO Berufsrecht:\u00a0Gewerbeordnung:\u00a0www.ris.bka.gv.at Aufsichtsbeh\u00f6rde\/Gewerbebeh\u00f6rde:\u00a0Bezirkshauptmannschaft St. Johann im Pongau Berufsbezeichnung:\u00a0Handel Verleihungsstaat:\u00a0\u00d6sterreich \u00a0 Streitschlichtung Die Europ\u00e4ische Kommission stellt eine Plattform zur Online-Streitbeilegung (OS) bereit: https:\/\/ec.europa.eu\/consumers\/odrUnsere E-Mail-Adresse finden Sie oben im [&hellip;]<\/p>\n","protected":false},"author":36,"featured_media":531,"parent":0,"menu_order":0,"comment_status":"closed","ping_status":"closed","template":"","meta":{"footnotes":""},"class_list":["post-27","page","type-page","status-publish","has-post-thumbnail","hentry"],"yoast_head":"<!-- This site is optimized with the Yoast SEO plugin v27.3 - https:\/\/yoast.com\/product\/yoast-seo-wordpress\/ -->\n<title>Impressum &#8211; naturgeladen.at<\/title>\n<meta name=\"robots\" content=\"index, follow, max-snippet:-1, max-image-preview:large, max-video-preview:-1\" \/>\n<link rel=\"canonical\" href=\"https:\/\/www.naturgeladen.at\/wp\/impressum\/\" \/>\n<meta property=\"og:locale\" content=\"de_DE\" \/>\n<meta property=\"og:type\" content=\"article\" \/>\n<meta property=\"og:title\" content=\"Impressum &#8211; naturgeladen.at\" \/>\n<meta property=\"og:description\" content=\"Angaben gem\u00e4\u00df \u00a7 5 TMG: Reformhaus naturgeladen Irmgard GasperiniRudolf-Bachbauer-Gasse 9\u00a0\u00a0 5630\u00a0Bad Hofgastein \u00d6sterreich Kontakt: Telefon: +43 664 180 95 10 E-Mail: office@naturgeladen.at Umsatzsteuer: Umsatzsteuer-Identifikationsnummer gem\u00e4\u00df \u00a727 aUmsatzsteuergesetz:ATU72094878 Mitglied bei:\u00a0WKO Berufsrecht:\u00a0Gewerbeordnung:\u00a0www.ris.bka.gv.at Aufsichtsbeh\u00f6rde\/Gewerbebeh\u00f6rde:\u00a0Bezirkshauptmannschaft St. Johann im Pongau Berufsbezeichnung:\u00a0Handel Verleihungsstaat:\u00a0\u00d6sterreich \u00a0 Streitschlichtung Die Europ\u00e4ische Kommission stellt eine Plattform zur Online-Streitbeilegung (OS) bereit: https:\/\/ec.europa.eu\/consumers\/odrUnsere E-Mail-Adresse finden Sie oben im [&hellip;]\" \/>\n<meta property=\"og:url\" content=\"https:\/\/www.naturgeladen.at\/wp\/impressum\/\" \/>\n<meta property=\"og:site_name\" content=\"naturgeladen.at\" \/>\n<meta property=\"article:publisher\" content=\"https:\/\/www.facebook.com\/naturgeladen\" \/>\n<meta property=\"article:modified_time\" content=\"2026-01-03T12:33:52+00:00\" \/>\n<meta property=\"og:image\" content=\"https:\/\/www.naturgeladen.at\/wp\/wp-content\/uploads\/2018\/12\/Hofgastein-1024x680.jpg\" \/>\n\t<meta property=\"og:image:width\" content=\"1024\" \/>\n\t<meta property=\"og:image:height\" content=\"680\" \/>\n\t<meta property=\"og:image:type\" content=\"image\/jpeg\" \/>\n<meta name=\"twitter:card\" content=\"summary_large_image\" \/>\n<meta name=\"twitter:label1\" content=\"Gesch\u00e4tzte Lesezeit\" \/>\n\t<meta name=\"twitter:data1\" content=\"2\u00a0Minuten\" \/>\n<script type=\"application\/ld+json\" class=\"yoast-schema-graph\">{\"@context\":\"https:\\\/\\\/schema.org\",\"@graph\":[{\"@type\":\"WebPage\",\"@id\":\"https:\\\/\\\/www.naturgeladen.at\\\/wp\\\/impressum\\\/\",\"url\":\"https:\\\/\\\/www.naturgeladen.at\\\/wp\\\/impressum\\\/\",\"name\":\"Impressum &#8211; naturgeladen.at\",\"isPartOf\":{\"@id\":\"https:\\\/\\\/www.naturgeladen.at\\\/wp\\\/#website\"},\"primaryImageOfPage\":{\"@id\":\"https:\\\/\\\/www.naturgeladen.at\\\/wp\\\/impressum\\\/#primaryimage\"},\"image\":{\"@id\":\"https:\\\/\\\/www.naturgeladen.at\\\/wp\\\/impressum\\\/#primaryimage\"},\"thumbnailUrl\":\"https:\\\/\\\/www.naturgeladen.at\\\/wp\\\/wp-content\\\/uploads\\\/2018\\\/12\\\/Hofgastein.jpg\",\"datePublished\":\"2018-09-25T12:49:59+00:00\",\"dateModified\":\"2026-01-03T12:33:52+00:00\",\"breadcrumb\":{\"@id\":\"https:\\\/\\\/www.naturgeladen.at\\\/wp\\\/impressum\\\/#breadcrumb\"},\"inLanguage\":\"de\",\"potentialAction\":[{\"@type\":\"ReadAction\",\"target\":[\"https:\\\/\\\/www.naturgeladen.at\\\/wp\\\/impressum\\\/\"]}]},{\"@type\":\"ImageObject\",\"inLanguage\":\"de\",\"@id\":\"https:\\\/\\\/www.naturgeladen.at\\\/wp\\\/impressum\\\/#primaryimage\",\"url\":\"https:\\\/\\\/www.naturgeladen.at\\\/wp\\\/wp-content\\\/uploads\\\/2018\\\/12\\\/Hofgastein.jpg\",\"contentUrl\":\"https:\\\/\\\/www.naturgeladen.at\\\/wp\\\/wp-content\\\/uploads\\\/2018\\\/12\\\/Hofgastein.jpg\",\"width\":4912,\"height\":3264},{\"@type\":\"BreadcrumbList\",\"@id\":\"https:\\\/\\\/www.naturgeladen.at\\\/wp\\\/impressum\\\/#breadcrumb\",\"itemListElement\":[{\"@type\":\"ListItem\",\"position\":1,\"name\":\"Startseite\",\"item\":\"https:\\\/\\\/www.naturgeladen.at\\\/wp\\\/\"},{\"@type\":\"ListItem\",\"position\":2,\"name\":\"Impressum\"}]},{\"@type\":\"WebSite\",\"@id\":\"https:\\\/\\\/www.naturgeladen.at\\\/wp\\\/#website\",\"url\":\"https:\\\/\\\/www.naturgeladen.at\\\/wp\\\/\",\"name\":\"naturgeladen.at\",\"description\":\"Reformhaus\",\"publisher\":{\"@id\":\"https:\\\/\\\/www.naturgeladen.at\\\/wp\\\/#organization\"},\"potentialAction\":[{\"@type\":\"SearchAction\",\"target\":{\"@type\":\"EntryPoint\",\"urlTemplate\":\"https:\\\/\\\/www.naturgeladen.at\\\/wp\\\/?s={search_term_string}\"},\"query-input\":{\"@type\":\"PropertyValueSpecification\",\"valueRequired\":true,\"valueName\":\"search_term_string\"}}],\"inLanguage\":\"de\"},{\"@type\":\"Organization\",\"@id\":\"https:\\\/\\\/www.naturgeladen.at\\\/wp\\\/#organization\",\"name\":\"naturgeladen.at\",\"url\":\"https:\\\/\\\/www.naturgeladen.at\\\/wp\\\/\",\"logo\":{\"@type\":\"ImageObject\",\"inLanguage\":\"de\",\"@id\":\"https:\\\/\\\/www.naturgeladen.at\\\/wp\\\/#\\\/schema\\\/logo\\\/image\\\/\",\"url\":\"https:\\\/\\\/www.naturgeladen.at\\\/wp\\\/wp-content\\\/uploads\\\/2019\\\/06\\\/naturgeladen_logo.jpg\",\"contentUrl\":\"https:\\\/\\\/www.naturgeladen.at\\\/wp\\\/wp-content\\\/uploads\\\/2019\\\/06\\\/naturgeladen_logo.jpg\",\"width\":150,\"height\":150,\"caption\":\"naturgeladen.at\"},\"image\":{\"@id\":\"https:\\\/\\\/www.naturgeladen.at\\\/wp\\\/#\\\/schema\\\/logo\\\/image\\\/\"},\"sameAs\":[\"https:\\\/\\\/www.facebook.com\\\/naturgeladen\",\"https:\\\/\\\/www.instagram.com\\\/naturgeladen\\\/?hl=de\"]}]}<\/script>\n<!-- \/ Yoast SEO plugin. -->","yoast_head_json":{"title":"Impressum &#8211; naturgeladen.at","robots":{"index":"index","follow":"follow","max-snippet":"max-snippet:-1","max-image-preview":"max-image-preview:large","max-video-preview":"max-video-preview:-1"},"canonical":"https:\/\/www.naturgeladen.at\/wp\/impressum\/","og_locale":"de_DE","og_type":"article","og_title":"Impressum &#8211; naturgeladen.at","og_description":"Angaben gem\u00e4\u00df \u00a7 5 TMG: Reformhaus naturgeladen Irmgard GasperiniRudolf-Bachbauer-Gasse 9\u00a0\u00a0 5630\u00a0Bad Hofgastein \u00d6sterreich Kontakt: Telefon: +43 664 180 95 10 E-Mail: office@naturgeladen.at Umsatzsteuer: Umsatzsteuer-Identifikationsnummer gem\u00e4\u00df \u00a727 aUmsatzsteuergesetz:ATU72094878 Mitglied bei:\u00a0WKO Berufsrecht:\u00a0Gewerbeordnung:\u00a0www.ris.bka.gv.at Aufsichtsbeh\u00f6rde\/Gewerbebeh\u00f6rde:\u00a0Bezirkshauptmannschaft St. Johann im Pongau Berufsbezeichnung:\u00a0Handel Verleihungsstaat:\u00a0\u00d6sterreich \u00a0 Streitschlichtung Die Europ\u00e4ische Kommission stellt eine Plattform zur Online-Streitbeilegung (OS) bereit: https:\/\/ec.europa.eu\/consumers\/odrUnsere E-Mail-Adresse finden Sie oben im [&hellip;]","og_url":"https:\/\/www.naturgeladen.at\/wp\/impressum\/","og_site_name":"naturgeladen.at","article_publisher":"https:\/\/www.facebook.com\/naturgeladen","article_modified_time":"2026-01-03T12:33:52+00:00","og_image":[{"width":1024,"height":680,"url":"https:\/\/www.naturgeladen.at\/wp\/wp-content\/uploads\/2018\/12\/Hofgastein-1024x680.jpg","type":"image\/jpeg"}],"twitter_card":"summary_large_image","twitter_misc":{"Gesch\u00e4tzte Lesezeit":"2\u00a0Minuten"},"schema":{"@context":"https:\/\/schema.org","@graph":[{"@type":"WebPage","@id":"https:\/\/www.naturgeladen.at\/wp\/impressum\/","url":"https:\/\/www.naturgeladen.at\/wp\/impressum\/","name":"Impressum &#8211; naturgeladen.at","isPartOf":{"@id":"https:\/\/www.naturgeladen.at\/wp\/#website"},"primaryImageOfPage":{"@id":"https:\/\/www.naturgeladen.at\/wp\/impressum\/#primaryimage"},"image":{"@id":"https:\/\/www.naturgeladen.at\/wp\/impressum\/#primaryimage"},"thumbnailUrl":"https:\/\/www.naturgeladen.at\/wp\/wp-content\/uploads\/2018\/12\/Hofgastein.jpg","datePublished":"2018-09-25T12:49:59+00:00","dateModified":"2026-01-03T12:33:52+00:00","breadcrumb":{"@id":"https:\/\/www.naturgeladen.at\/wp\/impressum\/#breadcrumb"},"inLanguage":"de","potentialAction":[{"@type":"ReadAction","target":["https:\/\/www.naturgeladen.at\/wp\/impressum\/"]}]},{"@type":"ImageObject","inLanguage":"de","@id":"https:\/\/www.naturgeladen.at\/wp\/impressum\/#primaryimage","url":"https:\/\/www.naturgeladen.at\/wp\/wp-content\/uploads\/2018\/12\/Hofgastein.jpg","contentUrl":"https:\/\/www.naturgeladen.at\/wp\/wp-content\/uploads\/2018\/12\/Hofgastein.jpg","width":4912,"height":3264},{"@type":"BreadcrumbList","@id":"https:\/\/www.naturgeladen.at\/wp\/impressum\/#breadcrumb","itemListElement":[{"@type":"ListItem","position":1,"name":"Startseite","item":"https:\/\/www.naturgeladen.at\/wp\/"},{"@type":"ListItem","position":2,"name":"Impressum"}]},{"@type":"WebSite","@id":"https:\/\/www.naturgeladen.at\/wp\/#website","url":"https:\/\/www.naturgeladen.at\/wp\/","name":"naturgeladen.at","description":"Reformhaus","publisher":{"@id":"https:\/\/www.naturgeladen.at\/wp\/#organization"},"potentialAction":[{"@type":"SearchAction","target":{"@type":"EntryPoint","urlTemplate":"https:\/\/www.naturgeladen.at\/wp\/?s={search_term_string}"},"query-input":{"@type":"PropertyValueSpecification","valueRequired":true,"valueName":"search_term_string"}}],"inLanguage":"de"},{"@type":"Organization","@id":"https:\/\/www.naturgeladen.at\/wp\/#organization","name":"naturgeladen.at","url":"https:\/\/www.naturgeladen.at\/wp\/","logo":{"@type":"ImageObject","inLanguage":"de","@id":"https:\/\/www.naturgeladen.at\/wp\/#\/schema\/logo\/image\/","url":"https:\/\/www.naturgeladen.at\/wp\/wp-content\/uploads\/2019\/06\/naturgeladen_logo.jpg","contentUrl":"https:\/\/www.naturgeladen.at\/wp\/wp-content\/uploads\/2019\/06\/naturgeladen_logo.jpg","width":150,"height":150,"caption":"naturgeladen.at"},"image":{"@id":"https:\/\/www.naturgeladen.at\/wp\/#\/schema\/logo\/image\/"},"sameAs":["https:\/\/www.facebook.com\/naturgeladen","https:\/\/www.instagram.com\/naturgeladen\/?hl=de"]}]}},"_links":{"self":[{"href":"https:\/\/www.naturgeladen.at\/wp\/wp-json\/wp\/v2\/pages\/27","targetHints":{"allow":["GET"]}}],"collection":[{"href":"https:\/\/www.naturgeladen.at\/wp\/wp-json\/wp\/v2\/pages"}],"about":[{"href":"https:\/\/www.naturgeladen.at\/wp\/wp-json\/wp\/v2\/types\/page"}],"author":[{"embeddable":true,"href":"https:\/\/www.naturgeladen.at\/wp\/wp-json\/wp\/v2\/users\/36"}],"replies":[{"embeddable":true,"href":"https:\/\/www.naturgeladen.at\/wp\/wp-json\/wp\/v2\/comments?post=27"}],"version-history":[{"count":1,"href":"https:\/\/www.naturgeladen.at\/wp\/wp-json\/wp\/v2\/pages\/27\/revisions"}],"predecessor-version":[{"id":2335,"href":"https:\/\/www.naturgeladen.at\/wp\/wp-json\/wp\/v2\/pages\/27\/revisions\/2335"}],"wp:featuredmedia":[{"embeddable":true,"href":"https:\/\/www.naturgeladen.at\/wp\/wp-json\/wp\/v2\/media\/531"}],"wp:attachment":[{"href":"https:\/\/www.naturgeladen.at\/wp\/wp-json\/wp\/v2\/media?parent=27"}],"curies":[{"name":"wp","href":"https:\/\/api.w.org\/{rel}","templated":true}]}}